{"id":309,"date":"2025-12-02T20:12:50","date_gmt":"2025-12-02T19:12:50","guid":{"rendered":"https:\/\/bibelskolan-elevportal.org\/?page_id=309"},"modified":"2025-12-02T20:24:29","modified_gmt":"2025-12-02T19:24:29","slug":"valkommen-till-bibelskolans-elevportal-2","status":"publish","type":"page","link":"https:\/\/bibelskolan-elevportal.org\/","title":{"rendered":"V\u00e4lkommen till bibelskolans elevportal"},"content":{"rendered":"\n<p class=\"wp-block-paragraph\">F\u00f6r att logga in klicka p\u00e5 texten &#8221;My account&#8221; i menyn till v\u00e4nster och fyll i dina inloggningsuppgifter.<\/p>\n","protected":false},"excerpt":{"rendered":"<p>F\u00f6r att logga in klicka p\u00e5 texten &#8221;My account&#8221; i menyn till v\u00e4nster och fyll i dina inloggningsuppgifter.<\/p>\n","protected":false},"author":1,"featured_media":0,"parent":0,"menu_order":0,"comment_status":"closed","ping_status":"closed","template":"","meta":{"_crdt_document":"","advanced_seo_description":"","jetpack_seo_html_title":"","jetpack_seo_noindex":false,"footnotes":""},"class_list":["post-309","page","type-page","status-publish","hentry"],"jetpack_shortlink":"https:\/\/wp.me\/PgNCTQ-4Z","_links":{"self":[{"href":"https:\/\/bibelskolan-elevportal.org\/index.php?rest_route=\/wp\/v2\/pages\/309","targetHints":{"allow":["GET"]}}],"collection":[{"href":"https:\/\/bibelskolan-elevportal.org\/index.php?rest_route=\/wp\/v2\/pages"}],"about":[{"href":"https:\/\/bibelskolan-elevportal.org\/index.php?rest_route=\/wp\/v2\/types\/page"}],"author":[{"embeddable":true,"href":"https:\/\/bibelskolan-elevportal.org\/index.php?rest_route=\/wp\/v2\/users\/1"}],"replies":[{"embeddable":true,"href":"https:\/\/bibelskolan-elevportal.org\/index.php?rest_route=%2Fwp%2Fv2%2Fcomments&post=309"}],"version-history":[{"count":5,"href":"https:\/\/bibelskolan-elevportal.org\/index.php?rest_route=\/wp\/v2\/pages\/309\/revisions"}],"predecessor-version":[{"id":325,"href":"https:\/\/bibelskolan-elevportal.org\/index.php?rest_route=\/wp\/v2\/pages\/309\/revisions\/325"}],"wp:attachment":[{"href":"https:\/\/bibelskolan-elevportal.org\/index.php?rest_route=%2Fwp%2Fv2%2Fmedia&parent=309"}],"curies":[{"name":"wp","href":"https:\/\/api.w.org\/{rel}","templated":true}]}}